{"id":3357,"date":"2025-10-17T12:25:46","date_gmt":"2025-10-17T10:25:46","guid":{"rendered":"https:\/\/desmoclublyon.com\/?page_id=3357"},"modified":"2025-10-23T14:37:30","modified_gmt":"2025-10-23T12:37:30","slug":"gouvernance-du-desmo-club-lyon","status":"publish","type":"page","link":"https:\/\/desmoclublyon.com\/index.php\/gouvernance-du-desmo-club-lyon\/","title":{"rendered":"Gouvernance du Desmo Club Lyon"},"content":{"rendered":"\n<p class=\"has-white-color has-black-background-color has-text-color has-background has-link-color wp-elements-e53ce4446be4689ab9559ef6b35c1c9d\"><strong>Pr\u00e9sident <\/strong>: Bertrand Desgrippes<\/p>\n\n\n\n<p class=\"has-white-color has-black-background-color has-text-color has-background has-link-color wp-elements-81ce33acadec52d6c1c4b87a834636d1\"><strong>Vice-Pr\u00e9sidents<\/strong> : Yann  Nicolas  et   Christophe Cumin<\/p>\n\n\n\n<p class=\"has-white-color has-black-background-color has-text-color has-background has-link-color wp-elements-0929ddadb1178438719366ba74831456\"><strong>Tr\u00e9sorier <\/strong>: Guillaume Noyel Tournier<\/p>\n\n\n\n<p class=\"has-white-color has-black-background-color has-text-color has-background has-link-color wp-elements-36c09ca546bbfa0521d0dca9ca77e644\"><strong>Secr\u00e9taire<\/strong> : Jonathan Albert<\/p>\n\n\n\n<p class=\"has-white-color has-black-background-color has-text-color has-background has-link-color wp-elements-b90d003bc11d3d519d30838226e43b15\"><strong>Membres du Conseil<\/strong> : David Marquet, Bruno Lenain, Antoine Chabut, Tristan Virevialle, Brice Arlaud<\/p>\n\n\n<div class=\"wp-block-image\">\n<figure class=\"aligncenter size-large is-resized\"><img loading=\"lazy\" decoding=\"async\" width=\"1024\" height=\"729\" src=\"https:\/\/desmoclublyon.com\/wp-content\/uploads\/2023\/10\/Desmo-Club-Lyon_Combo_W-1024x729.png\" alt=\"\" class=\"wp-image-2925\" style=\"width:156px;height:auto\" srcset=\"https:\/\/desmoclublyon.com\/wp-content\/uploads\/2023\/10\/Desmo-Club-Lyon_Combo_W-1024x729.png 1024w, https:\/\/desmoclublyon.com\/wp-content\/uploads\/2023\/10\/Desmo-Club-Lyon_Combo_W-300x213.png 300w, https:\/\/desmoclublyon.com\/wp-content\/uploads\/2023\/10\/Desmo-Club-Lyon_Combo_W-768x546.png 768w, https:\/\/desmoclublyon.com\/wp-content\/uploads\/2023\/10\/Desmo-Club-Lyon_Combo_W-600x427.png 600w, https:\/\/desmoclublyon.com\/wp-content\/uploads\/2023\/10\/Desmo-Club-Lyon_Combo_W-945x672.png 945w, https:\/\/desmoclublyon.com\/wp-content\/uploads\/2023\/10\/Desmo-Club-Lyon_Combo_W.png 1064w\" sizes=\"auto, (max-width: 1024px) 100vw, 1024px\" \/><figcaption class=\"wp-element-caption\">Desmo club lyon<\/figcaption><\/figure>\n<\/div>\n\n\n<p><\/p>\n","protected":false},"excerpt":{"rendered":"<p>Pr\u00e9sident : Bertrand Desgrippes Vice-Pr\u00e9sidents : Yann Nicolas et Christophe Cumin Tr\u00e9sorier : Guillaume Noyel Tournier Secr\u00e9taire : Jonathan Albert Membres du Conseil : David Marquet, Bruno Lenain, Antoine Chabut, Tristan Virevialle, Brice Arlaud<\/p>\n","protected":false},"author":2,"featured_media":0,"parent":0,"menu_order":0,"comment_status":"closed","ping_status":"closed","template":"","meta":{"footnotes":""},"class_list":["post-3357","page","type-page","status-publish","hentry"],"_links":{"self":[{"href":"https:\/\/desmoclublyon.com\/index.php\/wp-json\/wp\/v2\/pages\/3357","targetHints":{"allow":["GET"]}}],"collection":[{"href":"https:\/\/desmoclublyon.com\/index.php\/wp-json\/wp\/v2\/pages"}],"about":[{"href":"https:\/\/desmoclublyon.com\/index.php\/wp-json\/wp\/v2\/types\/page"}],"author":[{"embeddable":true,"href":"https:\/\/desmoclublyon.com\/index.php\/wp-json\/wp\/v2\/users\/2"}],"replies":[{"embeddable":true,"href":"https:\/\/desmoclublyon.com\/index.php\/wp-json\/wp\/v2\/comments?post=3357"}],"version-history":[{"count":2,"href":"https:\/\/desmoclublyon.com\/index.php\/wp-json\/wp\/v2\/pages\/3357\/revisions"}],"predecessor-version":[{"id":3377,"href":"https:\/\/desmoclublyon.com\/index.php\/wp-json\/wp\/v2\/pages\/3357\/revisions\/3377"}],"wp:attachment":[{"href":"https:\/\/desmoclublyon.com\/index.php\/wp-json\/wp\/v2\/media?parent=3357"}],"curies":[{"name":"wp","href":"https:\/\/api.w.org\/{rel}","templated":true}]}}