{"id":22,"date":"2019-04-15T19:51:44","date_gmt":"2019-04-15T17:51:44","guid":{"rendered":"http:\/\/desmoclublyon.com\/?page_id=22"},"modified":"2025-10-20T12:08:04","modified_gmt":"2025-10-20T10:08:04","slug":"edito-du-president","status":"publish","type":"page","link":"https:\/\/desmoclublyon.com\/index.php\/edito-du-president\/","title":{"rendered":"Edito du Pr\u00e9sident"},"content":{"rendered":"\n<p class=\"has-text-color\" style=\"color:#f50c0c\"><span style=\"font-size: 12pt;\"><strong><strong>&nbsp;2026, 19<sup> \u00e8me<\/sup> saison de pure passion&nbsp;au Desmo Club Lyon<\/strong><\/strong><\/span> !<\/p>\n\n\n\n<p class=\"has-text-align-center\" style=\"font-size:14px\"><span style=\"font-size: 10pt;\">Depuis 2008, le<strong> Desmo Club Lyon<\/strong> propose \u00e0 tous les fanas de Ducati de la r\u00e9gion Rh\u00f4ne-Alpes de partager leur passion des belles m\u00e9caniques italiennes. Affili\u00e9 aupr\u00e8s de <strong>Ducati Bologne<\/strong> en tant que\u00a0<\/span><a href=\"http:\/\/www.ducati.fr\/club\/index.do\">Ducati Official Club<\/a><span style=\"font-size: 10pt;\"> , la vocation du Desmo Club Lyon est d\u2019organiser des sorties sur route, offroad ou sur piste, de faire vivre collectivement la passion des Ducati \u00e0 l\u2019occasion de petits et grands moments de bonheur.Apr\u00e8s une ann\u00e9e 2025 exceptionnelle pour <strong>Ducati <\/strong> avec le titre Moto GP pour #MM93 et le titre constructeu<\/span>r en SBK l&rsquo;ann\u00e9e 2026 sera l&rsquo;ann\u00e9e des 100 ans de la marque de Bologne ! <span style=\"font-size: 10pt;\">Alors venez en notre compagnie tenter l\u2019exp\u00e9rience, adh\u00e9rer au DCL, les occasions sont nombreuses et vari\u00e9es :<\/span><\/p>\n\n\n\n<p style=\"font-size:14px\"><span style=\"font-size: 10pt;\"><strong>Assembl\u00e9e G\u00e9n\u00e9rale<\/strong> de l&rsquo;association<strong> <\/strong>le<strong> <\/strong>23 janvier 2026 chez Ducati Dardilly. <strong>Salon du 2 roues de Lyon<\/strong> : Nous y serons avec notre stand du 26 f\u00e9vrier au 1er mars&#8230;.<\/span> <strong style=\"font-size: 10pt;\">Sorties route<\/strong><span style=\"font-size: 10pt;\"> en journ\u00e9e, week-end, semaine, en couple ou en solo.<a href=\"https:\/\/www.helloasso.com\/associations\/desmo-club-lyon\/adhesions\/journee-roulage-dcl-circuit-du-bourbonnais-2024\"> <\/a>Voyage d\u2019une <strong>semaine d\u00e9but juin<\/strong>, destination la Toscane . <strong>Week-end Bi-Posto <\/strong>en couple et\/ou en solo mi mai et mi  Septembre 2026, <\/span><strong><span style=\"font-size: 10pt;\">WDW 2026<\/span> <\/strong>pour les 100 ans \u00e0 Misano<span style=\"font-size: 10pt;\"> .<\/span> <span style=\"font-size: 10pt;\">A venir \u00e9galement, participation \u00e0 de nombreuses journ\u00e9es de <strong>roulage sur piste<\/strong> en France et ailleurs..<\/span>. <span style=\"font-size: 10pt;\"><strong>Soir\u00e9es RED<\/strong> d\u2019\u00e9t\u00e9, de No\u00ebl<strong>&#8230; P&rsquo;tit caf\u00e9-rencontres<\/strong> le premier samedi de chaque mois au p\u00f4le moto de Dardilly.<\/span><\/p>\n\n\n\n<p class=\"has-text-align-center\" style=\"font-size:14px\"><span style=\"font-size: 10pt;\">Alors Forza Ducati et \u00e0 tr\u00e8s bient\u00f4t !<\/span>  <\/p>\n\n\n\n<p class=\"has-text-align-center\" style=\"font-size:14px\"><strong><em>Bertrand Desgrippes<\/em><\/strong><\/p>\n\n\n\n<p class=\"has-text-align-center\" style=\"font-size:14px\"><\/p>\n\n\n<figure class=\"wp-block-image aligncenter size-large is-resized\"><img loading=\"lazy\" decoding=\"async\" class=\"alignnone  wp-image-2986\" src=\"https:\/\/desmoclublyon.com\/wp-content\/uploads\/2024\/01\/Desmo-Club-Lyon-nuage-300x300.png\" alt=\"\" width=\"327\" height=\"327\" srcset=\"https:\/\/desmoclublyon.com\/wp-content\/uploads\/2024\/01\/Desmo-Club-Lyon-nuage-300x300.png 300w, https:\/\/desmoclublyon.com\/wp-content\/uploads\/2024\/01\/Desmo-Club-Lyon-nuage-150x150.png 150w, https:\/\/desmoclublyon.com\/wp-content\/uploads\/2024\/01\/Desmo-Club-Lyon-nuage-768x768.png 768w, https:\/\/desmoclublyon.com\/wp-content\/uploads\/2024\/01\/Desmo-Club-Lyon-nuage-600x600.png 600w, https:\/\/desmoclublyon.com\/wp-content\/uploads\/2024\/01\/Desmo-Club-Lyon-nuage-945x945.png 945w, https:\/\/desmoclublyon.com\/wp-content\/uploads\/2024\/01\/Desmo-Club-Lyon-nuage.png 1024w\" sizes=\"auto, (max-width: 327px) 100vw, 327px\" \/><\/figure>\n<figure class=\"wp-block-image aligncenter size-large is-resized\"><img loading=\"lazy\" decoding=\"async\" width=\"768\" height=\"1024\" class=\"wp-image-1515\" style=\"width: 461px; height: 615px;\" src=\"https:\/\/desmoclublyon.com\/wp-content\/uploads\/2020\/10\/FE-Prezz-768x1024.jpg\" alt=\"\" srcset=\"https:\/\/desmoclublyon.com\/wp-content\/uploads\/2020\/10\/FE-Prezz-768x1024.jpg 768w, https:\/\/desmoclublyon.com\/wp-content\/uploads\/2020\/10\/FE-Prezz-225x300.jpg 225w, https:\/\/desmoclublyon.com\/wp-content\/uploads\/2020\/10\/FE-Prezz-1152x1536.jpg 1152w, https:\/\/desmoclublyon.com\/wp-content\/uploads\/2020\/10\/FE-Prezz-1536x2048.jpg 1536w, https:\/\/desmoclublyon.com\/wp-content\/uploads\/2020\/10\/FE-Prezz-600x800.jpg 600w, https:\/\/desmoclublyon.com\/wp-content\/uploads\/2020\/10\/FE-Prezz-945x1260.jpg 945w, https:\/\/desmoclublyon.com\/wp-content\/uploads\/2020\/10\/FE-Prezz-scaled.jpg 1920w\" sizes=\"auto, (max-width: 768px) 100vw, 768px\" \/><\/figure>\n\n<div class=\"wp-block-image\">\n<figure class=\"aligncenter size-full is-resized\"><img loading=\"lazy\" decoding=\"async\" width=\"2560\" height=\"1920\" src=\"https:\/\/desmoclublyon.com\/wp-content\/uploads\/2025\/10\/IMG_8467-scaled.jpg\" alt=\"\" class=\"wp-image-3360\" style=\"width:348px;height:auto\" srcset=\"https:\/\/desmoclublyon.com\/wp-content\/uploads\/2025\/10\/IMG_8467-scaled.jpg 2560w, https:\/\/desmoclublyon.com\/wp-content\/uploads\/2025\/10\/IMG_8467-300x225.jpg 300w, https:\/\/desmoclublyon.com\/wp-content\/uploads\/2025\/10\/IMG_8467-1024x768.jpg 1024w, https:\/\/desmoclublyon.com\/wp-content\/uploads\/2025\/10\/IMG_8467-768x576.jpg 768w, https:\/\/desmoclublyon.com\/wp-content\/uploads\/2025\/10\/IMG_8467-1536x1152.jpg 1536w, https:\/\/desmoclublyon.com\/wp-content\/uploads\/2025\/10\/IMG_8467-2048x1536.jpg 2048w, https:\/\/desmoclublyon.com\/wp-content\/uploads\/2025\/10\/IMG_8467-600x450.jpg 600w, https:\/\/desmoclublyon.com\/wp-content\/uploads\/2025\/10\/IMG_8467-945x709.jpg 945w\" sizes=\"auto, (max-width: 2560px) 100vw, 2560px\" \/><\/figure>\n<\/div>\n\n\n<p><\/p>\n","protected":false},"excerpt":{"rendered":"<p>&nbsp;2026, 19 \u00e8me saison de pure passion&nbsp;au Desmo Club Lyon ! Depuis 2008, le Desmo Club Lyon propose \u00e0 tous les fanas de Ducati de la r\u00e9gion Rh\u00f4ne-Alpes de partager leur passion des belles m\u00e9caniques italiennes. Affili\u00e9 aupr\u00e8s de Ducati&#8230; <a class=\"more-link\" href=\"https:\/\/desmoclublyon.com\/index.php\/edito-du-president\/\">Continue Reading &rarr;<\/a><\/p>\n","protected":false},"author":3,"featured_media":0,"parent":0,"menu_order":0,"comment_status":"closed","ping_status":"closed","template":"","meta":{"footnotes":""},"class_list":["post-22","page","type-page","status-publish","hentry"],"_links":{"self":[{"href":"https:\/\/desmoclublyon.com\/index.php\/wp-json\/wp\/v2\/pages\/22","targetHints":{"allow":["GET"]}}],"collection":[{"href":"https:\/\/desmoclublyon.com\/index.php\/wp-json\/wp\/v2\/pages"}],"about":[{"href":"https:\/\/desmoclublyon.com\/index.php\/wp-json\/wp\/v2\/types\/page"}],"author":[{"embeddable":true,"href":"https:\/\/desmoclublyon.com\/index.php\/wp-json\/wp\/v2\/users\/3"}],"replies":[{"embeddable":true,"href":"https:\/\/desmoclublyon.com\/index.php\/wp-json\/wp\/v2\/comments?post=22"}],"version-history":[{"count":60,"href":"https:\/\/desmoclublyon.com\/index.php\/wp-json\/wp\/v2\/pages\/22\/revisions"}],"predecessor-version":[{"id":3364,"href":"https:\/\/desmoclublyon.com\/index.php\/wp-json\/wp\/v2\/pages\/22\/revisions\/3364"}],"wp:attachment":[{"href":"https:\/\/desmoclublyon.com\/index.php\/wp-json\/wp\/v2\/media?parent=22"}],"curies":[{"name":"wp","href":"https:\/\/api.w.org\/{rel}","templated":true}]}}