{"id":20,"date":"2019-04-15T19:51:22","date_gmt":"2019-04-15T17:51:22","guid":{"rendered":"http:\/\/desmoclublyon.com\/?page_id=20"},"modified":"2025-10-20T12:30:29","modified_gmt":"2025-10-20T10:30:29","slug":"inscription-au-club","status":"publish","type":"page","link":"https:\/\/desmoclublyon.com\/index.php\/inscription-au-club\/","title":{"rendered":"Desmo Club Lyon : l&rsquo;association"},"content":{"rendered":"<div class=\"wp-block-image\">\n<figure class=\"aligncenter size-large\"><img loading=\"lazy\" decoding=\"async\" width=\"1024\" height=\"632\" src=\"https:\/\/desmoclublyon.com\/wp-content\/uploads\/2022\/12\/Nuage_de_mots_DCL_2022-1024x632.jpeg\" alt=\"\" class=\"wp-image-2690\" srcset=\"https:\/\/desmoclublyon.com\/wp-content\/uploads\/2022\/12\/Nuage_de_mots_DCL_2022-1024x632.jpeg 1024w, https:\/\/desmoclublyon.com\/wp-content\/uploads\/2022\/12\/Nuage_de_mots_DCL_2022-300x185.jpeg 300w, https:\/\/desmoclublyon.com\/wp-content\/uploads\/2022\/12\/Nuage_de_mots_DCL_2022-768x474.jpeg 768w, https:\/\/desmoclublyon.com\/wp-content\/uploads\/2022\/12\/Nuage_de_mots_DCL_2022-1536x948.jpeg 1536w, https:\/\/desmoclublyon.com\/wp-content\/uploads\/2022\/12\/Nuage_de_mots_DCL_2022-600x370.jpeg 600w, https:\/\/desmoclublyon.com\/wp-content\/uploads\/2022\/12\/Nuage_de_mots_DCL_2022-945x583.jpeg 945w, https:\/\/desmoclublyon.com\/wp-content\/uploads\/2022\/12\/Nuage_de_mots_DCL_2022.jpeg 1614w\" sizes=\"auto, (max-width: 1024px) 100vw, 1024px\" \/><\/figure>\n<\/div>\n\n\n<h2 class=\"wp-block-heading\" id=\"1-inscription-au-club\"><span style=\"font-size: 14pt;\">1\/ INSCRIPTION au CLUB<\/span> DCL<\/h2>\n\n\n\n<ul class=\"wp-block-list\">\n<li>Le montant de la cotisation \u00e0 l&rsquo;association est fix\u00e9 \u00e0 50\u20ac par saison, un don en plus est toujours le bienvenu. (d\u00e9fiscalisable \u00e0 hauteur de 66%)<\/li>\n\n\n\n<li>Tout adh\u00e9rent doit renouveler sa cotisation avant le 31 janvier. (avant l&rsquo;AG)<\/li>\n\n\n\n<li>Tout nouvel adh\u00e9rent s\u2019inscrivant durant la saison devra s\u2019acquitter de la cotisation de l\u2019ann\u00e9e en cours. En cas d\u2019inscription apr\u00e8s le 1er Octobre la validit\u00e9 de l\u2019inscription sera \u00e9tendue \u00e0 l\u2019ann\u00e9e suivante<\/li>\n\n\n\n<li>L\u2019adh\u00e9sion donne acc\u00e8s au forum sur l\u2019application Discord du DCL, et aux rubriques priv\u00e9es et \u00e0 la liste des membres sur www.desmoclublyon.com<\/li>\n\n\n\n<li>Toute adh\u00e9sion doit \u00eatre faite sur le compte Helloasso du DCL. (le lien vous est indiqu\u00e9 sur le forum Discord en son temps)<\/li>\n<\/ul>\n\n\n\n<p class=\"has-text-align-center has-accent-color has-text-color has-background has-small-font-size\" style=\"background-color:#e2e2e2b5\">Pour une <strong>nouvelle adh\u00e9sion<\/strong> faire la demande au Pr\u00e9sident par courriel en utilisant le formulaire \u00ab\u00a0nous contacter\u00a0\u00bb , merci.  <\/p>\n\n\n\n<h3 class=\"wp-block-heading\" id=\"2-assemblee-generale-2022\"><span style=\"font-size: 14pt;\">2\/ ASSEMBL\u00c9E G\u00c9N\u00c9RALE <\/span>saison 2025<\/h3>\n\n\n\n<p class=\"has-text-align-center\"><span style=\"font-weight: bold; color: rgb(255, 0, 0);\">L&rsquo; AG  de la saison 2025 <\/span><strong><span style=\"color: #ff0000;\">se tiendra dans les locaux du Ducati Store \u00e0 Dardilly .<\/span><\/strong><\/p>\n\n\n\n<p class=\"has-small-font-size\">Chers Membres du Desmo Club Lyon, Comme chaque ann\u00e9e \u00e0 cette p\u00e9riode, je vous invite \u00e0 participer \u00e0 notre assembl\u00e9e g\u00e9n\u00e9rale qui se tiendra le vendredi 23 janvier 2026, moment important et incontournable de la vie associative de notre club. Comme l\u2019ann\u00e9e derni\u00e8re, l\u2019assembl\u00e9e g\u00e9n\u00e9rale se tiendra chez Ducati Lyon \u00e0 Dardilly. Pour ceux qui auraient un emp\u00eachement, n\u2019oubliez pas de renvoyer votre pouvoir \u00e0 la personne de votre choix. J\u2019esp\u00e8re que vous serez nombreux \u00e0 y participer et ainsi pr\u00e9parer au mieux notre 19\u00e8me saison. Le pot de l\u2019amiti\u00e9 sera bien entendu servi \u00e0 l\u2019issue de l\u2019AG. Amicalement.<\/p>\n\n\n\n<p>Bertrand Desgrippes , le Pr\u00e9sident.<\/p>\n\n\n\n<p class=\"has-text-align-center\"><\/p>\n\n\n\n<p><\/p>\n","protected":false},"excerpt":{"rendered":"<p>1\/ INSCRIPTION au CLUB DCL Pour une nouvelle adh\u00e9sion faire la demande au Pr\u00e9sident par courriel en utilisant le formulaire \u00ab\u00a0nous contacter\u00a0\u00bb , merci. 2\/ ASSEMBL\u00c9E G\u00c9N\u00c9RALE saison 2025 L&rsquo; AG de la saison 2025 se tiendra dans les locaux&#8230; <a class=\"more-link\" href=\"https:\/\/desmoclublyon.com\/index.php\/inscription-au-club\/\">Continue Reading &rarr;<\/a><\/p>\n","protected":false},"author":3,"featured_media":0,"parent":0,"menu_order":0,"comment_status":"closed","ping_status":"closed","template":"","meta":{"footnotes":""},"class_list":["post-20","page","type-page","status-publish","hentry"],"_links":{"self":[{"href":"https:\/\/desmoclublyon.com\/index.php\/wp-json\/wp\/v2\/pages\/20","targetHints":{"allow":["GET"]}}],"collection":[{"href":"https:\/\/desmoclublyon.com\/index.php\/wp-json\/wp\/v2\/pages"}],"about":[{"href":"https:\/\/desmoclublyon.com\/index.php\/wp-json\/wp\/v2\/types\/page"}],"author":[{"embeddable":true,"href":"https:\/\/desmoclublyon.com\/index.php\/wp-json\/wp\/v2\/users\/3"}],"replies":[{"embeddable":true,"href":"https:\/\/desmoclublyon.com\/index.php\/wp-json\/wp\/v2\/comments?post=20"}],"version-history":[{"count":43,"href":"https:\/\/desmoclublyon.com\/index.php\/wp-json\/wp\/v2\/pages\/20\/revisions"}],"predecessor-version":[{"id":3373,"href":"https:\/\/desmoclublyon.com\/index.php\/wp-json\/wp\/v2\/pages\/20\/revisions\/3373"}],"wp:attachment":[{"href":"https:\/\/desmoclublyon.com\/index.php\/wp-json\/wp\/v2\/media?parent=20"}],"curies":[{"name":"wp","href":"https:\/\/api.w.org\/{rel}","templated":true}]}}