{"id":1246,"date":"2020-03-25T16:12:17","date_gmt":"2020-03-25T15:12:17","guid":{"rendered":"http:\/\/desmoclublyon.com\/?page_id=1246"},"modified":"2025-04-23T16:06:26","modified_gmt":"2025-04-23T14:06:26","slug":"ducati-au-feminin-avec-le-dcl","status":"publish","type":"page","link":"https:\/\/desmoclublyon.com\/index.php\/ducati-au-feminin-avec-le-dcl\/","title":{"rendered":"Ducati au f\u00e9minin"},"content":{"rendered":"<p class=\"fonts-plugin-block \" style=\"font-family: arial !important;font-size: 12px !important;line-height: 1.2 !important;color: #222 !important\"> &#8211; Le Desmo Club Lyon compte parmi ses fid\u00e8les membres plusieurs motardes qui appr\u00e9cient de rouler sur leurs Ducati. Scrambler, Monster, Panigale ou Street&#8230; Elles partagent les balades, les voyages avec\u00a0 leurs cong\u00e9n\u00e8res masculins du DCL\u00a0 voir m\u00eame plus pour certaines qui se retrouvent sur la piste pour d\u00e9velopper leur pilotage en toute s\u00e9curit\u00e9 lors des roulages organis\u00e9s par le Club.<br><br>&#8211; Alors n\u2019h\u00e9sitez pas Mesdames ducatistes,  pilotes ou passag\u00e8res, \u00e0 rejoindre le Desmo Club Lyon et pour tout renseignement le Pr\u00e9sident r\u00e9pondra \u00e0 toutes vos questions. <\/p>\n\n<div class=\"wp-block-image\">\n<figure class=\"aligncenter size-medium\"><img loading=\"lazy\" decoding=\"async\" width=\"300\" height=\"200\" src=\"https:\/\/desmoclublyon.com\/wp-content\/uploads\/2020\/03\/fille-sur-Ducati-scrambler-300x200.jpg\" alt=\"\" class=\"wp-image-1247\" srcset=\"https:\/\/desmoclublyon.com\/wp-content\/uploads\/2020\/03\/fille-sur-Ducati-scrambler-300x200.jpg 300w, https:\/\/desmoclublyon.com\/wp-content\/uploads\/2020\/03\/fille-sur-Ducati-scrambler-768x512.jpg 768w, https:\/\/desmoclublyon.com\/wp-content\/uploads\/2020\/03\/fille-sur-Ducati-scrambler-600x400.jpg 600w, https:\/\/desmoclublyon.com\/wp-content\/uploads\/2020\/03\/fille-sur-Ducati-scrambler.jpg 800w\" sizes=\"auto, (max-width: 300px) 100vw, 300px\" \/><\/figure>\n<\/div>\n\n\n<p><\/p>\n","protected":false},"excerpt":{"rendered":"","protected":false},"author":2,"featured_media":0,"parent":0,"menu_order":0,"comment_status":"closed","ping_status":"closed","template":"","meta":{"footnotes":""},"class_list":["post-1246","page","type-page","status-publish","hentry"],"_links":{"self":[{"href":"https:\/\/desmoclublyon.com\/index.php\/wp-json\/wp\/v2\/pages\/1246","targetHints":{"allow":["GET"]}}],"collection":[{"href":"https:\/\/desmoclublyon.com\/index.php\/wp-json\/wp\/v2\/pages"}],"about":[{"href":"https:\/\/desmoclublyon.com\/index.php\/wp-json\/wp\/v2\/types\/page"}],"author":[{"embeddable":true,"href":"https:\/\/desmoclublyon.com\/index.php\/wp-json\/wp\/v2\/users\/2"}],"replies":[{"embeddable":true,"href":"https:\/\/desmoclublyon.com\/index.php\/wp-json\/wp\/v2\/comments?post=1246"}],"version-history":[{"count":4,"href":"https:\/\/desmoclublyon.com\/index.php\/wp-json\/wp\/v2\/pages\/1246\/revisions"}],"predecessor-version":[{"id":3215,"href":"https:\/\/desmoclublyon.com\/index.php\/wp-json\/wp\/v2\/pages\/1246\/revisions\/3215"}],"wp:attachment":[{"href":"https:\/\/desmoclublyon.com\/index.php\/wp-json\/wp\/v2\/media?parent=1246"}],"curies":[{"name":"wp","href":"https:\/\/api.w.org\/{rel}","templated":true}]}}